{"id":24,"date":"2020-05-13T10:36:58","date_gmt":"2020-05-13T10:36:58","guid":{"rendered":"http:\/\/www.silke-siebert.de\/?page_id=24"},"modified":"2024-07-15T15:30:25","modified_gmt":"2024-07-15T15:30:25","slug":"ueber-die-therapie-2","status":"publish","type":"page","link":"https:\/\/silke-siebert.de\/?page_id=24","title":{"rendered":"\u00dcber die Begleitung"},"content":{"rendered":"\n<ul>\n<li> ruhige wertsch\u00e4tzende Atmosph\u00e4re und Offenheit, Akzeptanz dessen was da ist, keine Bewertung <\/li>\n\n\n\n<li>Herausarbeiten der pers\u00f6nlichen Ressourcen und Kraftquellen. &#8222;Wo tanke ich Energie&#8220;<\/li>\n\n\n\n<li>Trainieren von Selbstwahrnehmung (K\u00f6rper, Gef\u00fchle, Gedanken und vegetatives Nervensystem: Anspannung, Entspannung)<\/li>\n\n\n\n<li>Hinderliche Gedankenmuster erkennen und durch wohltuendere ersetzen <\/li>\n\n\n\n<li>Pers\u00f6nliche belastende Erlebnisse in der Lebensgeschichte anschauen, verarbeiten und integrieren. Dies k\u00f6nnen aktuelle oder vergangene Erlebnisse sein. H\u00e4ufig reaktiviert ein neues belastendes Ereignis eine fr\u00fchere Verletzung und alte Wunden brechen auf und ben\u00f6tigen Heilung <\/li>\n\n\n\n<li>Eigene W\u00fcnsche, Ressourcen und F\u00e4higkeiten herausarbeiten, um das Leben bestm\u00f6glich danach auszurichten. F\u00fcr mehr Gesundheit und Zufriedenheit <\/li>\n\n\n\n<li>Wecken von Tr\u00e4umen, Feuer und Abenteuergeist<br><\/li>\n\n\n\n<li>Erkennen und Einordnen der pers\u00f6nlichen Spiritualit\u00e4t <br><\/li>\n<\/ul>\n","protected":false},"excerpt":{"rendered":"","protected":false},"author":1,"featured_media":0,"parent":0,"menu_order":0,"comment_status":"closed","ping_status":"closed","template":"","meta":[],"_links":{"self":[{"href":"https:\/\/silke-siebert.de\/index.php?rest_route=\/wp\/v2\/pages\/24"}],"collection":[{"href":"https:\/\/silke-siebert.de\/index.php?rest_route=\/wp\/v2\/pages"}],"about":[{"href":"https:\/\/silke-siebert.de\/index.php?rest_route=\/wp\/v2\/types\/page"}],"author":[{"embeddable":true,"href":"https:\/\/silke-siebert.de\/index.php?rest_route=\/wp\/v2\/users\/1"}],"replies":[{"embeddable":true,"href":"https:\/\/silke-siebert.de\/index.php?rest_route=%2Fwp%2Fv2%2Fcomments&post=24"}],"version-history":[{"count":9,"href":"https:\/\/silke-siebert.de\/index.php?rest_route=\/wp\/v2\/pages\/24\/revisions"}],"predecessor-version":[{"id":123,"href":"https:\/\/silke-siebert.de\/index.php?rest_route=\/wp\/v2\/pages\/24\/revisions\/123"}],"wp:attachment":[{"href":"https:\/\/silke-siebert.de\/index.php?rest_route=%2Fwp%2Fv2%2Fmedia&parent=24"}],"curies":[{"name":"wp","href":"https:\/\/api.w.org\/{rel}","templated":true}]}}