{"id":41,"date":"2020-05-13T11:03:28","date_gmt":"2020-05-13T11:03:28","guid":{"rendered":"http:\/\/www.silke-siebert.de\/?page_id=41"},"modified":"2024-07-15T15:19:31","modified_gmt":"2024-07-15T15:19:31","slug":"wann-diese-therapie-hilfreich-sein-kann","status":"publish","type":"page","link":"https:\/\/silke-siebert.de\/?page_id=41","title":{"rendered":"F\u00fcr wen die Begleitung hilfreich ist"},"content":{"rendered":"\n<ul>\n<li>F\u00fcr Menschen, die ein chronisches Gef\u00fchl von \u00dcberlastung, Anspannung, Druck und Stress plagt. Die sich ruhelos f\u00fchlen und einen Mangel an Lebensfreude und Energie empfinden. M\u00f6glicherweise kommen auch k\u00f6rperliche Beschwerden hinzu wie Kopfschmerzen, Schwindel, Nackenverspannung, R\u00fcckenprobleme und Schlafprobleme<br><\/li>\n\n\n\n<li> Bei Wunsch nach Ver\u00e4nderung: wenn der Wunsch neue Seiten an sich auszuleben besteht, wenn man sp\u00fcrt, dass neue Wege mehr Lebensqualit\u00e4t und Zufriedenheit bringen k\u00f6nnten und in der Umsetzung gerne eine Begleitung h\u00e4tte <\/li>\n<\/ul>\n\n\n\n<ul>\n<li>F\u00fcr Menschen in akuten krisenhaften Lebenssituationen (Trauer, Trennung, Jobverlust) zur Verarbeitung, Stabilisierung und Mobilisierung von individuellen Kraftquellen<\/li>\n<\/ul>\n\n\n\n<ul>\n<li>F\u00fcr Menschen in dauerhaft belastenden Lebenssituationen (z.B. durch Pflege kranker Angeh\u00f6riger) um sich selbst nicht zu vergessen, bewusst Grenzen zu setzen, eigene Kompensationsstrategien zu entwickeln und gesund zu bleiben<\/li>\n<\/ul>\n","protected":false},"excerpt":{"rendered":"","protected":false},"author":1,"featured_media":0,"parent":0,"menu_order":0,"comment_status":"closed","ping_status":"closed","template":"","meta":[],"_links":{"self":[{"href":"https:\/\/silke-siebert.de\/index.php?rest_route=\/wp\/v2\/pages\/41"}],"collection":[{"href":"https:\/\/silke-siebert.de\/index.php?rest_route=\/wp\/v2\/pages"}],"about":[{"href":"https:\/\/silke-siebert.de\/index.php?rest_route=\/wp\/v2\/types\/page"}],"author":[{"embeddable":true,"href":"https:\/\/silke-siebert.de\/index.php?rest_route=\/wp\/v2\/users\/1"}],"replies":[{"embeddable":true,"href":"https:\/\/silke-siebert.de\/index.php?rest_route=%2Fwp%2Fv2%2Fcomments&post=41"}],"version-history":[{"count":10,"href":"https:\/\/silke-siebert.de\/index.php?rest_route=\/wp\/v2\/pages\/41\/revisions"}],"predecessor-version":[{"id":114,"href":"https:\/\/silke-siebert.de\/index.php?rest_route=\/wp\/v2\/pages\/41\/revisions\/114"}],"wp:attachment":[{"href":"https:\/\/silke-siebert.de\/index.php?rest_route=%2Fwp%2Fv2%2Fmedia&parent=41"}],"curies":[{"name":"wp","href":"https:\/\/api.w.org\/{rel}","templated":true}]}}