{"id":63,"date":"2020-05-15T12:45:31","date_gmt":"2020-05-15T12:45:31","guid":{"rendered":"http:\/\/www.silke-siebert.de\/?page_id=63"},"modified":"2024-07-15T15:21:55","modified_gmt":"2024-07-15T15:21:55","slug":"kosten","status":"publish","type":"page","link":"https:\/\/silke-siebert.de\/?page_id=63","title":{"rendered":"Kosten"},"content":{"rendered":"\n<p>Eine Begleitungseinheit dauert ca. 1,5 h und kostet 80 \u20ac. In Einzelf\u00e4llen k\u00f6nnen Rabatte vereinbart werden. <\/p>\n\n\n\n<p>Ein Vorgespr\u00e4ch wird kostenlos durchgef\u00fchrt zum gegenseitigen Kennenlernen und  Kl\u00e4ren des Anliegens <\/p>\n\n\n\n<p>Die psychotherapeutische Behandlung durch Heilpraktiker wird von den gesetzlichen Krankenkassen i.d.R. nicht \u00fcbernommen. Bei den privaten Krankenkassen gibt es gro\u00dfe Unterschiede. Es wird empfohlen, bei der eigenen Kasse nachzufragen. <\/p>\n","protected":false},"excerpt":{"rendered":"<p>Eine Begleitungseinheit dauert ca. 1,5 h und kostet 80 \u20ac. In Einzelf\u00e4llen k\u00f6nnen Rabatte vereinbart werden. Ein Vorgespr\u00e4ch wird kostenlos durchgef\u00fchrt zum gegenseitigen Kennenlernen und Kl\u00e4ren des Anliegens Die psychotherapeutische Behandlung durch Heilpraktiker wird von den gesetzlichen Krankenkassen i.d.R. nicht \u00fcbernommen. Bei den privaten Krankenkassen gibt es gro\u00dfe Unterschiede. Es wird empfohlen, bei der eigenen &hellip; <\/p>\n<p class=\"link-more\"><a href=\"https:\/\/silke-siebert.de\/?page_id=63\" class=\"more-link\"><span class=\"screen-reader-text\">\u201eKosten\u201c<\/span> weiterlesen<\/a><\/p>\n","protected":false},"author":1,"featured_media":0,"parent":0,"menu_order":0,"comment_status":"closed","ping_status":"closed","template":"","meta":[],"_links":{"self":[{"href":"https:\/\/silke-siebert.de\/index.php?rest_route=\/wp\/v2\/pages\/63"}],"collection":[{"href":"https:\/\/silke-siebert.de\/index.php?rest_route=\/wp\/v2\/pages"}],"about":[{"href":"https:\/\/silke-siebert.de\/index.php?rest_route=\/wp\/v2\/types\/page"}],"author":[{"embeddable":true,"href":"https:\/\/silke-siebert.de\/index.php?rest_route=\/wp\/v2\/users\/1"}],"replies":[{"embeddable":true,"href":"https:\/\/silke-siebert.de\/index.php?rest_route=%2Fwp%2Fv2%2Fcomments&post=63"}],"version-history":[{"count":3,"href":"https:\/\/silke-siebert.de\/index.php?rest_route=\/wp\/v2\/pages\/63\/revisions"}],"predecessor-version":[{"id":117,"href":"https:\/\/silke-siebert.de\/index.php?rest_route=\/wp\/v2\/pages\/63\/revisions\/117"}],"wp:attachment":[{"href":"https:\/\/silke-siebert.de\/index.php?rest_route=%2Fwp%2Fv2%2Fmedia&parent=63"}],"curies":[{"name":"wp","href":"https:\/\/api.w.org\/{rel}","templated":true}]}}